{"id":10,"date":"2024-11-11T23:56:05","date_gmt":"2024-11-11T22:56:05","guid":{"rendered":"http:\/\/stvincent-assieu.fr\/?page_id=10"},"modified":"2024-12-28T13:57:58","modified_gmt":"2024-12-28T12:57:58","slug":"a-propos","status":"publish","type":"page","link":"https:\/\/stvincent-assieu.fr\/?page_id=10","title":{"rendered":"A Propos &#8230;"},"content":{"rendered":"\n<ul id=\"block-941bf733-ae18-4085-82b0-9ff3eb96741e\" class=\"wp-block-list\">\n<li>A Assieu, l&#8217;Association Saint Vincent vous invite \u00e0 venir d\u00e9couvrir les produits du terroir. Convivialit\u00e9, partage et d\u00e9couverte sont nos ingr\u00e9dients pour notre meilleure recette de bonne humeur. Autour de notre passion commune pour les&nbsp;vins et les sp\u00e9cialit\u00e9s culinaires&nbsp;de toutes les r\u00e9gions, nous vous proposons toute l&#8217;ann\u00e9e des \u00e9v\u00e9nements riches et vari\u00e9s.&nbsp;<\/li>\n\n\n\n<li>Pour tous les go\u00fbts : la f\u00eate traditionnelle de la Saint Vincent, la balade gourmande et les soir\u00e9es estivales vous feront c\u00e9l\u00e9brer le vin.<\/li>\n\n\n\n<li>Pour tous les palais, en fonction de votre niveau : des initiations \u00e0 l&#8217;\u0153nologie, des ateliers de d\u00e9couverte des accords mets\/vins, des d\u00e9gustations th\u00e9matiques pour approfondir vos connaissances.<\/li>\n\n\n\n<li>Pour toutes les papilles : des rencontres avec les hommes et les femmes qui fa\u00e7onnent nos vins. D\u00e9couvrez les secrets de leurs savoir-faire !&nbsp;<\/li>\n\n\n\n<li>Pour plus de renseignements, n&#8217;h\u00e9sitez pas \u00e0 contacter le : 0781758797.<\/li>\n<\/ul>\n\n\n\n<p class=\"wp-block-paragraph\"><\/p>\n\n\n\n<figure class=\"wp-block-image size-full\"><img loading=\"lazy\" decoding=\"async\" width=\"986\" height=\"738\" src=\"http:\/\/stvincent-assieu.fr\/wp-content\/uploads\/2024\/11\/image-1.png\" alt=\"\" class=\"wp-image-14\" srcset=\"https:\/\/stvincent-assieu.fr\/wp-content\/uploads\/2024\/11\/image-1.png 986w, https:\/\/stvincent-assieu.fr\/wp-content\/uploads\/2024\/11\/image-1-300x225.png 300w, https:\/\/stvincent-assieu.fr\/wp-content\/uploads\/2024\/11\/image-1-768x575.png 768w\" sizes=\"auto, (max-width: 986px) 100vw, 986px\" \/><\/figure>\n\n\n\n<p class=\"has-text-align-center has-background has-large-font-size wp-block-paragraph\" style=\"background-color:#949085d1\">Rejoignez l&#8217;association ST Vincent d&#8217;Assieu et partagez avec nous votre passion du vin !<\/p>\n\n\n\n<div class=\"wp-block-buttons has-custom-font-size has-x-large-font-size is-content-justification-center is-layout-flex wp-container-core-buttons-is-layout-cbf404e2 wp-block-buttons-is-layout-flex\" style=\"padding-top:0;padding-bottom:0\">\n<div class=\"wp-block-button\"><a class=\"wp-block-button__link wp-element-button\" href=\"https:\/\/www.helloasso.com\/associations\/association-societe-st-vincent-d-assieu\/adhesions\/adhesion-2024-2025\">Je m&#8217;inscris<\/a><\/div>\n<\/div>\n","protected":false},"excerpt":{"rendered":"<p>Rejoignez l&#8217;association ST Vincent d&#8217;Assieu et partagez avec nous votre passion du vin !<\/p>\n","protected":false},"author":1,"featured_media":169,"parent":0,"menu_order":0,"comment_status":"closed","ping_status":"closed","template":"","meta":{"_crdt_document":"","footnotes":""},"class_list":["post-10","page","type-page","status-publish","has-post-thumbnail","hentry"],"_links":{"self":[{"href":"https:\/\/stvincent-assieu.fr\/index.php?rest_route=\/wp\/v2\/pages\/10","targetHints":{"allow":["GET"]}}],"collection":[{"href":"https:\/\/stvincent-assieu.fr\/index.php?rest_route=\/wp\/v2\/pages"}],"about":[{"href":"https:\/\/stvincent-assieu.fr\/index.php?rest_route=\/wp\/v2\/types\/page"}],"author":[{"embeddable":true,"href":"https:\/\/stvincent-assieu.fr\/index.php?rest_route=\/wp\/v2\/users\/1"}],"replies":[{"embeddable":true,"href":"https:\/\/stvincent-assieu.fr\/index.php?rest_route=%2Fwp%2Fv2%2Fcomments&post=10"}],"version-history":[{"count":11,"href":"https:\/\/stvincent-assieu.fr\/index.php?rest_route=\/wp\/v2\/pages\/10\/revisions"}],"predecessor-version":[{"id":354,"href":"https:\/\/stvincent-assieu.fr\/index.php?rest_route=\/wp\/v2\/pages\/10\/revisions\/354"}],"wp:featuredmedia":[{"embeddable":true,"href":"https:\/\/stvincent-assieu.fr\/index.php?rest_route=\/wp\/v2\/media\/169"}],"wp:attachment":[{"href":"https:\/\/stvincent-assieu.fr\/index.php?rest_route=%2Fwp%2Fv2%2Fmedia&parent=10"}],"curies":[{"name":"wp","href":"https:\/\/api.w.org\/{rel}","templated":true}]}}