{"id":242,"date":"2024-12-25T11:45:30","date_gmt":"2024-12-25T10:45:30","guid":{"rendered":"https:\/\/stvincent-assieu.fr\/?page_id=242"},"modified":"2024-12-25T11:45:30","modified_gmt":"2024-12-25T10:45:30","slug":"cgu","status":"publish","type":"page","link":"https:\/\/stvincent-assieu.fr\/?page_id=242","title":{"rendered":"CGU"},"content":{"rendered":"\n<p class=\"wp-block-paragraph\"><strong>Conditions g\u00e9n\u00e9rales d&#8217;utilisation<\/strong><\/p>\n\n\n\n<p class=\"wp-block-paragraph\">En vigueur au 10\/12\/2024<\/p>\n\n\n\n<p class=\"wp-block-paragraph\">Les pr\u00e9sentes conditions g\u00e9n\u00e9rales d&#8217;utilisation (dites \u00ab\u00a0<strong>CGU\u00a0<\/strong>\u00bb) ont pour objet l&#8217;encadrement juridique des modalit\u00e9s de mise \u00e0 disposition du site et des services par Association Saint Vincent d&#8217;Assieu et de d\u00e9finir les conditions d\u2019acc\u00e8s et d\u2019utilisation des services par \u00ab\u00a0<strong>l&#8217;Utilisateur\u00a0<\/strong>\u00bb.<\/p>\n\n\n\n<p class=\"wp-block-paragraph\">Les pr\u00e9sentes CGU sont accessibles sur le site \u00e0 la rubrique \u00ab<strong>CGU<\/strong>\u00bb.<\/p>\n\n\n\n<p class=\"wp-block-paragraph\">Toute inscription ou utilisation du site implique l&#8217;acceptation sans aucune r\u00e9serve ni restriction des pr\u00e9sentes CGU par l\u2019utilisateur. Lors de l&#8217;inscription sur le site via le Formulaire d\u2019inscription, chaque utilisateur accepte express\u00e9ment les pr\u00e9sentes CGU en cochant la case pr\u00e9c\u00e9dant le texte suivant : \u00ab Je reconnais avoir lu et compris les CGU et je les accepte \u00bb.<\/p>\n\n\n\n<p class=\"wp-block-paragraph\">En cas de non-acceptation des CGU stipul\u00e9es dans le pr\u00e9sent contrat, l&#8217;Utilisateur se doit de renoncer \u00e0 l&#8217;acc\u00e8s des services propos\u00e9s par le site.<br>http:\/\/stvincent-assieu.fr se r\u00e9serve le droit de modifier unilat\u00e9ralement et \u00e0 tout moment le contenu des pr\u00e9sentes CGU.<\/p>\n\n\n\n<p class=\"wp-block-paragraph\"><strong>Article 1 : Les mentions l\u00e9gales<\/strong><\/p>\n\n\n\n<p class=\"wp-block-paragraph\">L\u2019\u00e9dition et la direction de la publication du site http:\/\/stvincent-assieu.fr est assur\u00e9e par MARTHOURET GERARD, domicili\u00e9 339 RUE DES CRES.<br>Num\u00e9ro de t\u00e9l\u00e9phone est 0781758797<br>Adresse e-mail gerardmarthouret@gmail.com.<\/p>\n\n\n\n<p class=\"wp-block-paragraph\">L&#8217;h\u00e9bergeur du site http:\/\/stvincent-assieu.fr est la soci\u00e9t\u00e9 OVH, dont le si\u00e8ge social est situ\u00e9 au OVH &#8211; 2 rue kellermann BP 80157 59053 ROUBAIX CEDEX 1 &#8211; France, avec le num\u00e9ro de t\u00e9l\u00e9phone : _______________.<\/p>\n\n\n\n<p class=\"wp-block-paragraph\"><strong>ARTICLE 2 : Acc\u00e8s au site<\/strong><\/p>\n\n\n\n<p class=\"wp-block-paragraph\">Le site http:\/\/stvincent-assieu.fr permet \u00e0 l&#8217;Utilisateur un acc\u00e8s gratuit aux services suivants :<br>Le site internet propose les services suivants :<br>Informations g\u00e9n\u00e9rales, festivit\u00e9s, dates, prix, s\u00e9ances de d\u00e9gustation, propositions d&#8217;activit\u00e9s,&#8230; Le site est accessible gratuitement en tout lieu \u00e0 tout Utilisateur ayant un acc\u00e8s \u00e0 Internet. Tous les frais support\u00e9s par l&#8217;Utilisateur pour acc\u00e9der au service (mat\u00e9riel informatique, logiciels, connexion Internet, etc.) sont \u00e0 sa charge.<\/p>\n\n\n\n<p class=\"wp-block-paragraph\">L\u2019Utilisateur non membre n&#8217;a pas acc\u00e8s aux services r\u00e9serv\u00e9s. Pour cela, il doit s\u2019inscrire en remplissant le formulaire. En acceptant de s\u2019inscrire aux services r\u00e9serv\u00e9s, l\u2019Utilisateur membre<\/p>\n\n\n\n<p class=\"wp-block-paragraph\">1<\/p>\n\n\n\n<p class=\"wp-block-paragraph\">s\u2019engage \u00e0 fournir des informations sinc\u00e8res et exactes concernant son \u00e9tat civil et ses coordonn\u00e9es, notamment son adresse email.<br>Pour acc\u00e9der aux services, l\u2019Utilisateur doit ensuite s&#8217;identifier \u00e0 l&#8217;aide de son identifiant et de son mot de passe qui lui seront communiqu\u00e9s apr\u00e8s son inscription.<\/p>\n\n\n\n<p class=\"wp-block-paragraph\">Tout Utilisateur membre r\u00e9guli\u00e8rement inscrit pourra \u00e9galement solliciter sa d\u00e9sinscription en se rendant \u00e0 la page d\u00e9di\u00e9e sur son espace personnel. Celle-ci sera effective dans un d\u00e9lai raisonnable. Tout \u00e9v\u00e9nement d\u00fb \u00e0 un cas de force majeure ayant pour cons\u00e9quence un dysfonctionnement du site ou serveur et sous r\u00e9serve de toute interruption ou modification en cas de maintenance, n&#8217;engage pas la responsabilit\u00e9 de http:\/\/stvincent-assieu.fr. Dans ces cas, l\u2019Utilisateur accepte ainsi ne pas tenir rigueur \u00e0 l\u2019\u00e9diteur de toute interruption ou suspension de service, m\u00eame sans pr\u00e9avis.<br>L&#8217;Utilisateur a la possibilit\u00e9 de contacter le site par messagerie \u00e9lectronique \u00e0 l\u2019adresse email de l\u2019\u00e9diteur communiqu\u00e9 \u00e0 l\u2019ARTICLE 1.<\/p>\n\n\n\n<p class=\"wp-block-paragraph\"><strong>ARTICLE 3 : Collecte des donn\u00e9es<\/strong><\/p>\n\n\n\n<p class=\"wp-block-paragraph\">Le site assure \u00e0 l&#8217;Utilisateur une collecte et un traitement d&#8217;informations personnelles dans le respect de la vie priv\u00e9e conform\u00e9ment \u00e0 la loi n\u00b078-17 du 6 janvier 1978 relative \u00e0 l&#8217;informatique, aux fichiers et aux libert\u00e9s.<\/p>\n\n\n\n<p class=\"wp-block-paragraph\">En vertu de la loi Informatique et Libert\u00e9s, en date du 6 janvier 1978, l&#8217;Utilisateur dispose d&#8217;un droit d&#8217;acc\u00e8s, de rectification, de suppression et d&#8217;opposition de ses donn\u00e9es personnelles. L&#8217;Utilisateur exerce ce droit :<\/p>\n\n\n\n<ul class=\"wp-block-list\">\n<li>\u00b7 &nbsp;par mail \u00e0 l&#8217;adresse email stvincent.assieu@gmail.com<\/li>\n\n\n\n<li>\u00b7 &nbsp;via un formulaire de contact ;<strong>ARTICLE 4 : Propri\u00e9t\u00e9 intellectuelle<\/strong>Les marques, logos, signes ainsi que tous les contenus du site (textes, images, son&#8230;) font l&#8217;objet d&#8217;une protection par le Code de la propri\u00e9t\u00e9 intellectuelle et plus particuli\u00e8rement par le droit d&#8217;auteur.L&#8217;Utilisateur doit solliciter l&#8217;autorisation pr\u00e9alable du site pour toute reproduction, publication, copie des diff\u00e9rents contenus. Il s&#8217;engage \u00e0 une utilisation des contenus du site dans un cadre strictement priv\u00e9, toute utilisation \u00e0 des fins commerciales et publicitaires est strictement interdite.Toute repr\u00e9sentation totale ou partielle de ce site par quelque proc\u00e9d\u00e9 que ce soit, sans l\u2019autorisation expresse de l\u2019exploitant du site Internet constituerait une contrefa\u00e7on sanctionn\u00e9e par l\u2019article L 335-2 et suivants du Code de la propri\u00e9t\u00e9 intellectuelle.Il est rappel\u00e9 conform\u00e9ment \u00e0 l\u2019article L122-5 du Code de propri\u00e9t\u00e9 intellectuelle que l\u2019Utilisateur qui reproduit, copie ou publie le contenu prot\u00e9g\u00e9 doit citer l\u2019auteur et sa source.<\/li>\n<\/ul>\n\n\n\n<p class=\"wp-block-paragraph\">2<\/p>\n\n\n\n<p class=\"wp-block-paragraph\"><strong>ARTICLE 5 : Responsabilit\u00e9<\/strong><\/p>\n\n\n\n<p class=\"wp-block-paragraph\">Les sources des informations diffus\u00e9es sur le site http:\/\/stvincent-assieu.fr sont r\u00e9put\u00e9es fiables mais le site ne garantit pas qu\u2019il soit exempt de d\u00e9fauts, d\u2019erreurs ou d\u2019omissions.<\/p>\n\n\n\n<p class=\"wp-block-paragraph\">Les informations communiqu\u00e9es sont pr\u00e9sent\u00e9es \u00e0 titre indicatif et g\u00e9n\u00e9ral sans valeur contractuelle. Malgr\u00e9 des mises \u00e0 jour r\u00e9guli\u00e8res, le site http:\/\/stvincent-assieu.fr ne peut \u00eatre tenu responsable de la modification des dispositions administratives et juridiques survenant apr\u00e8s la publication. De m\u00eame, le site ne peut \u00eatre tenue responsable de l\u2019utilisation et de l\u2019interpr\u00e9tation de l\u2019information contenue dans ce site.<\/p>\n\n\n\n<p class=\"wp-block-paragraph\">L&#8217;Utilisateur s&#8217;assure de garder son mot de passe secret. Toute divulgation du mot de passe, quelle que soit sa forme, est interdite. Il assume les risques li\u00e9s \u00e0 l&#8217;utilisation de son identifiant et mot de passe. Le site d\u00e9cline toute responsabilit\u00e9.<br>Le site http:\/\/stvincent-assieu.fr ne peut \u00eatre tenu pour responsable d\u2019\u00e9ventuels virus qui pourraient infecter l\u2019ordinateur ou tout mat\u00e9riel informatique de l\u2019Internaute, suite \u00e0 une utilisation, \u00e0 l\u2019acc\u00e8s, ou au t\u00e9l\u00e9chargement provenant de ce site.<\/p>\n\n\n\n<p class=\"wp-block-paragraph\">La responsabilit\u00e9 du site ne peut \u00eatre engag\u00e9e en cas de force majeure ou du fait impr\u00e9visible et insurmontable d&#8217;un tiers.<\/p>\n\n\n\n<p class=\"wp-block-paragraph\"><strong>ARTICLE 6 : Liens hypertextes<\/strong><\/p>\n\n\n\n<p class=\"wp-block-paragraph\">Des liens hypertextes peuvent \u00eatre pr\u00e9sents sur le site. L\u2019Utilisateur est inform\u00e9 qu\u2019en cliquant sur ces liens, il sortira du site http:\/\/stvincent-assieu.fr. Ce dernier n\u2019a pas de contr\u00f4le sur les pages web sur lesquelles aboutissent ces liens et ne saurait, en aucun cas, \u00eatre responsable de leur contenu.<\/p>\n\n\n\n<p class=\"wp-block-paragraph\"><strong>ARTICLE 7 : Cookies<\/strong><\/p>\n\n\n\n<p class=\"wp-block-paragraph\">L\u2019Utilisateur est inform\u00e9 que lors de ses visites sur le site, un cookie peut s\u2019installer automatiquement sur son logiciel de navigation.<\/p>\n\n\n\n<p class=\"wp-block-paragraph\">Les cookies sont de petits fichiers stock\u00e9s temporairement sur le disque dur de l\u2019ordinateur de l\u2019Utilisateur par votre navigateur et qui sont n\u00e9cessaires \u00e0 l\u2019utilisation du site http:\/\/stvincent-assieu.fr. Les cookies ne contiennent pas d\u2019information personnelle et ne peuvent pas \u00eatre utilis\u00e9s pour identifier quelqu\u2019un. Un cookie contient un identifiant unique, g\u00e9n\u00e9r\u00e9 al\u00e9atoirement et donc anonyme. Certains cookies expirent \u00e0 la fin de la visite de l\u2019Utilisateur, d\u2019autres restent.<\/p>\n\n\n\n<p class=\"wp-block-paragraph\">L\u2019information contenue dans les cookies est utilis\u00e9e pour am\u00e9liorer le site http:\/\/stvincent-assieu.fr.<\/p>\n\n\n\n<p class=\"wp-block-paragraph\">En naviguant sur le site, L\u2019Utilisateur les accepte.<br>L\u2019Utilisateur pourra d\u00e9sactiver ces cookies par l\u2019interm\u00e9diaire des param\u00e8tres figurant au sein de son logiciel de navigation.<\/p>\n\n\n\n<p class=\"wp-block-paragraph\">3<\/p>\n\n\n\n<p class=\"wp-block-paragraph\"><strong>ARTICLE 8 : Droit applicable et juridiction comp\u00e9tente<\/strong><\/p>\n\n\n\n<p class=\"wp-block-paragraph\">La l\u00e9gislation fran\u00e7aise s&#8217;applique au pr\u00e9sent contrat. En cas d&#8217;absence de r\u00e9solution amiable d&#8217;un litige n\u00e9 entre les parties, les tribunaux fran\u00e7ais seront seuls comp\u00e9tents pour en conna\u00eetre.<br>Pour toute question relative \u00e0 l\u2019application des pr\u00e9sentes CGU, vous pouvez joindre l\u2019\u00e9diteur aux coordonn\u00e9es inscrites \u00e0 l\u2019ARTICLE 1.<\/p>\n\n\n\n<p class=\"wp-block-paragraph\">CGU r\u00e9alis\u00e9es sur http:\/\/legalplace.fr\/<\/p>\n","protected":false},"excerpt":{"rendered":"<p>Conditions g\u00e9n\u00e9rales d&#8217;utilisation En vigueur au 10\/12\/2024 Les pr\u00e9sentes conditions g\u00e9n\u00e9rales d&#8217;utilisation (dites \u00ab\u00a0CGU\u00a0\u00bb) ont pour objet l&#8217;encadrement juridique des modalit\u00e9s de mise \u00e0 disposition du site et des services par Association Saint Vincent d&#8217;Assieu et de d\u00e9finir les conditions d\u2019acc\u00e8s et d\u2019utilisation des services par \u00ab\u00a0l&#8217;Utilisateur\u00a0\u00bb. Les pr\u00e9sentes CGU sont accessibles sur le site [&hellip;]<\/p>\n","protected":false},"author":1,"featured_media":0,"parent":0,"menu_order":0,"comment_status":"closed","ping_status":"closed","template":"","meta":{"_crdt_document":"","footnotes":""},"class_list":["post-242","page","type-page","status-publish","hentry"],"_links":{"self":[{"href":"https:\/\/stvincent-assieu.fr\/index.php?rest_route=\/wp\/v2\/pages\/242","targetHints":{"allow":["GET"]}}],"collection":[{"href":"https:\/\/stvincent-assieu.fr\/index.php?rest_route=\/wp\/v2\/pages"}],"about":[{"href":"https:\/\/stvincent-assieu.fr\/index.php?rest_route=\/wp\/v2\/types\/page"}],"author":[{"embeddable":true,"href":"https:\/\/stvincent-assieu.fr\/index.php?rest_route=\/wp\/v2\/users\/1"}],"replies":[{"embeddable":true,"href":"https:\/\/stvincent-assieu.fr\/index.php?rest_route=%2Fwp%2Fv2%2Fcomments&post=242"}],"version-history":[{"count":2,"href":"https:\/\/stvincent-assieu.fr\/index.php?rest_route=\/wp\/v2\/pages\/242\/revisions"}],"predecessor-version":[{"id":285,"href":"https:\/\/stvincent-assieu.fr\/index.php?rest_route=\/wp\/v2\/pages\/242\/revisions\/285"}],"wp:attachment":[{"href":"https:\/\/stvincent-assieu.fr\/index.php?rest_route=%2Fwp%2Fv2%2Fmedia&parent=242"}],"curies":[{"name":"wp","href":"https:\/\/api.w.org\/{rel}","templated":true}]}}