{"id":25,"date":"2024-11-11T23:57:46","date_gmt":"2024-11-11T22:57:46","guid":{"rendered":"http:\/\/stvincent-assieu.fr\/?page_id=25"},"modified":"2025-09-21T22:45:40","modified_gmt":"2025-09-21T20:45:40","slug":"festivites","status":"publish","type":"page","link":"https:\/\/stvincent-assieu.fr\/?page_id=25","title":{"rendered":"Festivit\u00e9s"},"content":{"rendered":"\n<div class=\"wp-block-group alignfull has-accent-4-background-color has-background is-vertical is-content-justification-center is-nowrap is-layout-flex wp-container-core-group-is-layout-d8d5daf6 wp-block-group-is-layout-flex\" style=\"min-height:100vh;margin-top:0;margin-bottom:0;padding-top:var(--wp--preset--spacing--50);padding-right:var(--wp--preset--spacing--50);padding-bottom:var(--wp--preset--spacing--50);padding-left:var(--wp--preset--spacing--50)\">\n<div class=\"wp-block-columns alignwide are-vertically-aligned-center is-layout-flex wp-container-core-columns-is-layout-ca2b64f2 wp-block-columns-is-layout-flex\">\n<div class=\"wp-block-column is-vertically-aligned-center is-layout-flow wp-block-column-is-layout-flow\" style=\"flex-basis:40%\">\n<div class=\"wp-block-group is-layout-flow wp-container-core-group-is-layout-6b9d67c3 wp-block-group-is-layout-flow\" style=\"min-height:100%;margin-top:0;margin-bottom:0;padding-right:0;padding-left:0\">\n<div class=\"wp-block-group has-global-padding is-content-justification-left is-layout-constrained wp-container-core-group-is-layout-10ede578 wp-block-group-is-layout-constrained\" style=\"padding-right:0;padding-left:0\">\n<p class=\"wp-container-content-0733e5d0 wp-block-paragraph\"><strong><em>DATES A RETENIR<\/em><\/strong><\/p>\n\n\n\n<ul class=\"wp-block-list\">\n<li><strong><em>21 septembre 2025 :&nbsp;<\/em><\/strong><em>D\u00e9gustation Saucisses et vin au stade Georges Piaton (inscription \u00e0 l\u2019Association et vente de saucisses).<\/em><\/li>\n\n\n\n<li><strong>18 octobre :<\/strong> Place de la vigne autrefois \u00e0 Assieu, Salle des f\u00eates<\/li>\n\n\n\n<li><strong><em>8 D\u00e9cembre 2025 :\u00a0<\/em><\/strong><em>F\u00eate des Associations et commer\u00e7ants du village<\/em><\/li>\n\n\n\n<li><strong><em>7 F\u00e9vrier 2026 :&nbsp;<\/em><\/strong><em>F\u00eate de la Saint Vincent :<\/em><em>Randonn\u00e9e dans les vignes d\u2019Assieu (gratuit, ouvert \u00e0 tous) Messe \u00e0 Assieu (18 h \u00e0 confirmer)<br>Brioche (uniquement pour membres)<br>Repas Accords Mets et Vins (Prix \u00e0 d\u00e9terminer, ouvert \u00e0 tous)<\/em><\/li>\n\n\n\n<li><strong><em>26 avril 2026 :&nbsp;<\/em><\/strong><em>Marche gourmande (Prix \u00e0 d\u00e9terminer, ouvert \u00e0 tous)<\/em><\/li>\n\n\n\n<li><strong><em>Mardi 30 juin 2026 :\u00a0<\/em><\/strong><em>Soir\u00e9e estivale (D\u00e9gustation offerte aux membres (Plein air ou salle des f\u00eates)<\/em><\/li>\n\n\n\n<li><strong><em>ACTIVITES PROPOSEES A TOUS LES MEMBRES :<\/em><\/strong><\/li>\n<\/ul>\n\n\n\n<p class=\"wp-container-content-0733e5d0 wp-block-paragraph\"><strong><em>Visites \u0153nologiques (3 ou 4 dans la saison)<br><\/em><\/strong><em>Elles peuvent \u00eatre un circuit p\u00e9destre, une visite de cave, une d\u00e9gustation chez un viticulteur, un repas au restaurant.<br>-dates et tarifs communiqu\u00e9s par mail -inscriptions uniquement par mail selon date de r\u00e9servation.<\/em><\/p>\n\n\n\n<p class=\"wp-block-paragraph\"><strong><em>Informations d\u2019animations viticoles de la r\u00e9gion (sur facebook) :<\/em><\/strong><\/p>\n\n\n\n<div class=\"wp-block-buttons is-layout-flex wp-block-buttons-is-layout-flex\"><\/div>\n<\/div>\n<\/div>\n<\/div>\n\n\n\n<div class=\"wp-block-column is-vertically-aligned-top is-layout-flow wp-block-column-is-layout-flow\" style=\"flex-basis:60%\">\n<figure class=\"wp-block-image size-large\"><img loading=\"lazy\" decoding=\"async\" width=\"768\" height=\"1024\" src=\"http:\/\/stvincent-assieu.fr\/wp-content\/uploads\/2025\/03\/IMG_2815-768x1024.jpg\" alt=\"\" class=\"wp-image-441\" srcset=\"https:\/\/stvincent-assieu.fr\/wp-content\/uploads\/2025\/03\/IMG_2815-768x1024.jpg 768w, https:\/\/stvincent-assieu.fr\/wp-content\/uploads\/2025\/03\/IMG_2815-225x300.jpg 225w, https:\/\/stvincent-assieu.fr\/wp-content\/uploads\/2025\/03\/IMG_2815-1152x1536.jpg 1152w, https:\/\/stvincent-assieu.fr\/wp-content\/uploads\/2025\/03\/IMG_2815-1536x2048.jpg 1536w, https:\/\/stvincent-assieu.fr\/wp-content\/uploads\/2025\/03\/IMG_2815-scaled.jpg 1920w\" sizes=\"auto, (max-width: 768px) 100vw, 768px\" \/><\/figure>\n<\/div>\n<\/div>\n<\/div>\n","protected":false},"excerpt":{"rendered":"<p>DATES A RETENIR Visites \u0153nologiques (3 ou 4 dans la saison)Elles peuvent \u00eatre un circuit p\u00e9destre, une visite de cave, une d\u00e9gustation chez un viticulteur, un repas au restaurant.-dates et tarifs communiqu\u00e9s par mail -inscriptions uniquement par mail selon date de r\u00e9servation. Informations d\u2019animations viticoles de la r\u00e9gion (sur facebook) :<\/p>\n","protected":false},"author":1,"featured_media":0,"parent":0,"menu_order":0,"comment_status":"closed","ping_status":"closed","template":"","meta":{"_crdt_document":"","footnotes":""},"class_list":["post-25","page","type-page","status-publish","hentry"],"_links":{"self":[{"href":"https:\/\/stvincent-assieu.fr\/index.php?rest_route=\/wp\/v2\/pages\/25","targetHints":{"allow":["GET"]}}],"collection":[{"href":"https:\/\/stvincent-assieu.fr\/index.php?rest_route=\/wp\/v2\/pages"}],"about":[{"href":"https:\/\/stvincent-assieu.fr\/index.php?rest_route=\/wp\/v2\/types\/page"}],"author":[{"embeddable":true,"href":"https:\/\/stvincent-assieu.fr\/index.php?rest_route=\/wp\/v2\/users\/1"}],"replies":[{"embeddable":true,"href":"https:\/\/stvincent-assieu.fr\/index.php?rest_route=%2Fwp%2Fv2%2Fcomments&post=25"}],"version-history":[{"count":8,"href":"https:\/\/stvincent-assieu.fr\/index.php?rest_route=\/wp\/v2\/pages\/25\/revisions"}],"predecessor-version":[{"id":521,"href":"https:\/\/stvincent-assieu.fr\/index.php?rest_route=\/wp\/v2\/pages\/25\/revisions\/521"}],"wp:attachment":[{"href":"https:\/\/stvincent-assieu.fr\/index.php?rest_route=%2Fwp%2Fv2%2Fmedia&parent=25"}],"curies":[{"name":"wp","href":"https:\/\/api.w.org\/{rel}","templated":true}]}}