{"id":302,"date":"2024-12-26T22:25:10","date_gmt":"2024-12-26T21:25:10","guid":{"rendered":"https:\/\/stvincent-assieu.fr\/?page_id=302"},"modified":"2024-12-26T22:25:10","modified_gmt":"2024-12-26T21:25:10","slug":"mentions-legales","status":"publish","type":"page","link":"https:\/\/stvincent-assieu.fr\/?page_id=302","title":{"rendered":"Mentions l\u00e9gales"},"content":{"rendered":"\n<p class=\"wp-block-paragraph\"><strong>MENTIONS L\u00c9GALES<\/strong><\/p>\n\n\n\n<p class=\"wp-block-paragraph\">Conform\u00e9ment aux dispositions de la loi n\u00b0 2004-575 du 21 juin 2004 pour la confiance en l&#8217;\u00e9conomie num\u00e9rique, il est pr\u00e9cis\u00e9 aux utilisateurs du site stvincent-assieu l&#8217;identit\u00e9 des diff\u00e9rents intervenants dans le cadre de sa r\u00e9alisation et de son suivi.<\/p>\n\n\n\n<p class=\"wp-block-paragraph\"><strong>Edition du site&nbsp;<\/strong><\/p>\n\n\n\n<p class=\"wp-block-paragraph\">Le pr\u00e9sent site, accessible \u00e0 l\u2019URL http:\/\/stvincent-assieu.fr (le \u00ab Site \u00bb), est \u00e9dit\u00e9 par :<\/p>\n\n\n\n<p class=\"wp-block-paragraph\"><br>L\u2019association ASSOCIATION SOCI\u00c9T\u00c9 SAINT VINCENT D&#8217; ASSIEU, enregistr\u00e9e aupr\u00e8s de la pr\u00e9fecture\/sous-pr\u00e9fecture de 38 &#8211; Sous-Pr\u00e9fecture Vienne sous le num\u00e9ro W383009433, ayant son si\u00e8ge situ\u00e9 \u00e0 Mairie d&#8217;Assieu 155 rue de la Var\u00e8ze 38150 ASSIEU, repr\u00e9sent\u00e9e par GERARD MARTHOURET d\u00fbment habilit\u00e9(e)<\/p>\n\n\n\n<p class=\"wp-block-paragraph\"><strong>H\u00e9bergement<\/strong><\/p>\n\n\n\n<p class=\"wp-block-paragraph\"><br>Le Site est h\u00e9berg\u00e9 par la soci\u00e9t\u00e9 OVH, situ\u00e9 2 rue Kellermann &#8211; BP 80157 &#8211; 59053 Roubaix Cedex 1, (contact t\u00e9l\u00e9phonique ou email : 1007).<\/p>\n\n\n\n<p class=\"wp-block-paragraph\"><strong>Directeur de publication&nbsp;<\/strong><\/p>\n\n\n\n<p class=\"wp-block-paragraph\"><br>Le Directeur de la publication du Site est &nbsp; .<\/p>\n\n\n\n<p class=\"wp-block-paragraph\"><strong>Nous contacter&nbsp;<\/strong><\/p>\n\n\n\n<p class=\"wp-block-paragraph\"><br>Par t\u00e9l\u00e9phone&nbsp;: +33781758797<\/p>\n\n\n\n<p class=\"wp-block-paragraph\">Par email&nbsp;: stvincent.assieu@gmail.com<\/p>\n\n\n\n<p class=\"wp-block-paragraph\">Par courrier&nbsp;: 339 rue des Cr\u00e9s, 38150 ASSIEU<\/p>\n\n\n\n<p class=\"wp-block-paragraph\"><strong>Donn\u00e9es personnelles<\/strong><\/p>\n\n\n\n<p class=\"wp-block-paragraph\">Le traitement de vos donn\u00e9es \u00e0 caract\u00e8re personnel est r\u00e9gi par notre Charte du respect de la vie priv\u00e9e, disponible depuis la section &#8220;Charte de Protection des Donn\u00e9es Personnelles&#8221;, conform\u00e9ment au R\u00e8glement G\u00e9n\u00e9ral sur la Protection des Donn\u00e9es 2016\/679 du 27 avril 2016 (\u00abRGPD\u00bb).<\/p>\n\n\n\n<p class=\"wp-block-paragraph\">G\u00e9n\u00e9ration des mentions l\u00e9gales par <a href=\"https:\/\/www.legalstart.fr\/\">Legalstart.fr<\/a>.<\/p>\n","protected":false},"excerpt":{"rendered":"<p>MENTIONS L\u00c9GALES Conform\u00e9ment aux dispositions de la loi n\u00b0 2004-575 du 21 juin 2004 pour la confiance en l&#8217;\u00e9conomie num\u00e9rique, il est pr\u00e9cis\u00e9 aux utilisateurs du site stvincent-assieu l&#8217;identit\u00e9 des diff\u00e9rents intervenants dans le cadre de sa r\u00e9alisation et de son suivi. Edition du site&nbsp; Le pr\u00e9sent site, accessible \u00e0 l\u2019URL http:\/\/stvincent-assieu.fr (le \u00ab Site [&hellip;]<\/p>\n","protected":false},"author":1,"featured_media":0,"parent":0,"menu_order":0,"comment_status":"closed","ping_status":"closed","template":"","meta":{"_crdt_document":"","footnotes":""},"class_list":["post-302","page","type-page","status-publish","hentry"],"_links":{"self":[{"href":"https:\/\/stvincent-assieu.fr\/index.php?rest_route=\/wp\/v2\/pages\/302","targetHints":{"allow":["GET"]}}],"collection":[{"href":"https:\/\/stvincent-assieu.fr\/index.php?rest_route=\/wp\/v2\/pages"}],"about":[{"href":"https:\/\/stvincent-assieu.fr\/index.php?rest_route=\/wp\/v2\/types\/page"}],"author":[{"embeddable":true,"href":"https:\/\/stvincent-assieu.fr\/index.php?rest_route=\/wp\/v2\/users\/1"}],"replies":[{"embeddable":true,"href":"https:\/\/stvincent-assieu.fr\/index.php?rest_route=%2Fwp%2Fv2%2Fcomments&post=302"}],"version-history":[{"count":1,"href":"https:\/\/stvincent-assieu.fr\/index.php?rest_route=\/wp\/v2\/pages\/302\/revisions"}],"predecessor-version":[{"id":304,"href":"https:\/\/stvincent-assieu.fr\/index.php?rest_route=\/wp\/v2\/pages\/302\/revisions\/304"}],"wp:attachment":[{"href":"https:\/\/stvincent-assieu.fr\/index.php?rest_route=%2Fwp%2Fv2%2Fmedia&parent=302"}],"curies":[{"name":"wp","href":"https:\/\/api.w.org\/{rel}","templated":true}]}}