{"id":35,"date":"2024-11-11T23:57:20","date_gmt":"2024-11-11T22:57:20","guid":{"rendered":"http:\/\/stvincent-assieu.fr\/?page_id=35"},"modified":"2025-09-21T22:53:24","modified_gmt":"2025-09-21T20:53:24","slug":"cursus-de-degustaion","status":"publish","type":"page","link":"https:\/\/stvincent-assieu.fr\/?page_id=35","title":{"rendered":"S\u00e9ance d&#8217;initiation \u00e0 la d\u00e9gustation"},"content":{"rendered":"\n<p class=\"wp-block-paragraph\"><\/p>\n\n\n\n<div class=\"wp-block-group alignwide has-global-padding is-layout-constrained wp-block-group-is-layout-constrained\">\n<h1 class=\"wp-block-heading alignwide has-text-align-center has-xx-large-font-size\" style=\"line-height:1.2\">L\u2019association ST VINCENT D\u2019ASSIEU propose des ateliers \u0153nologiques et de d\u00e9gustation pour d\u00e9couvrir le monde du vin.&nbsp;<\/h1>\n\n\n\n<p class=\"wp-block-paragraph\">Le programme \u00ab Initiation \u00e0 la d\u00e9gustation \u00bb est con\u00e7u pour les d\u00e9butants et n\u00e9cessite une inscription au cursus complet de 6 s\u00e9ances afin de respecter la progression p\u00e9dagogique. Le co\u00fbt total est de 108 \u20ac, avec la possibilit\u00e9 de payer en trois fois. Les participants doivent \u00eatre majeurs et adh\u00e9rents actifs \u00e0 l\u2019association (cotisation annuelle de 20 \u20ac).<\/p>\n\n\n\n<p class=\"has-text-align-center wp-block-paragraph\">Les cours ont lieu le mercredi soir, de 19h \u00e0 21h30, \u00e0 la salle polyvalente d\u2019Assieu. Chaque s\u00e9ance comprend des apports th\u00e9oriques ainsi que des d\u00e9gustations pratiques de 6 vins diff\u00e9rents. Les dates et le programme sont d\u00e9finis \u00e0 l\u2019avance selon un calendrier pr\u00e9\u00e9tabli. La convivialit\u00e9, la bienveillance et le respect sont les valeurs fondamentales de ces ateliers.<\/p>\n\n\n\n<p class=\"wp-block-paragraph\">Le cursus initiation reprend les bases de la d\u00e9gustation, nous \u00e9voluons doucement dans la connaissance des vins, des c\u00e9pages et des r\u00e9gions viticoles.<\/p>\n\n\n\n<p class=\"wp-block-paragraph\"><\/p>\n<\/div>\n\n\n\n<div class=\"wp-block-group alignfull has-global-padding is-layout-constrained wp-container-core-group-is-layout-0759c396 wp-block-group-is-layout-constrained\" style=\"margin-top:0;margin-bottom:0;padding-top:var(--wp--preset--spacing--50);padding-right:var(--wp--preset--spacing--50);padding-bottom:var(--wp--preset--spacing--50);padding-left:var(--wp--preset--spacing--50)\">\n<div class=\"wp-block-columns alignwide is-layout-flex wp-container-core-columns-is-layout-694ead9e wp-block-columns-is-layout-flex\" style=\"margin-top:0;margin-bottom:0\">\n<div class=\"wp-block-column is-layout-flow wp-container-core-column-is-layout-c6aab7f7 wp-block-column-is-layout-flow\">\n<div style=\"height:71px\" aria-hidden=\"true\" class=\"wp-block-spacer\"><\/div>\n\n\n\n<div class=\"wp-block-columns is-layout-flex wp-container-core-columns-is-layout-3a88641f wp-block-columns-is-layout-flex\">\n<div class=\"wp-block-column is-layout-flow wp-block-column-is-layout-flow\"><\/div>\n\n\n\n<div class=\"wp-block-column is-layout-flow wp-block-column-is-layout-flow\"><\/div>\n<\/div>\n\n\n\n<figure class=\"wp-block-image size-large\"><img loading=\"lazy\" decoding=\"async\" width=\"1024\" height=\"768\" src=\"http:\/\/stvincent-assieu.fr\/wp-content\/uploads\/2024\/11\/IMG_2301-1024x768.jpeg\" alt=\"\" class=\"wp-image-38\" srcset=\"https:\/\/stvincent-assieu.fr\/wp-content\/uploads\/2024\/11\/IMG_2301-1024x768.jpeg 1024w, https:\/\/stvincent-assieu.fr\/wp-content\/uploads\/2024\/11\/IMG_2301-300x225.jpeg 300w, https:\/\/stvincent-assieu.fr\/wp-content\/uploads\/2024\/11\/IMG_2301-768x576.jpeg 768w, https:\/\/stvincent-assieu.fr\/wp-content\/uploads\/2024\/11\/IMG_2301-1536x1152.jpeg 1536w, https:\/\/stvincent-assieu.fr\/wp-content\/uploads\/2024\/11\/IMG_2301-2048x1536.jpeg 2048w\" sizes=\"auto, (max-width: 1024px) 100vw, 1024px\" \/><\/figure>\n<\/div>\n<\/div>\n<\/div>\n\n\n\n<div class=\"wp-block-columns is-layout-flex wp-container-core-columns-is-layout-3a88641f wp-block-columns-is-layout-flex\">\n<div class=\"wp-block-column is-layout-flow wp-block-column-is-layout-flow\">\n<h2 class=\"wp-block-heading\">Cursus initiation <\/h2>\n<\/div>\n<\/div>\n\n\n\n<div class=\"wp-block-columns is-layout-flex wp-container-core-columns-is-layout-3a88641f wp-block-columns-is-layout-flex\">\n<div class=\"wp-block-column is-vertically-aligned-stretch is-layout-flow wp-block-column-is-layout-flow\">\n<ul class=\"wp-block-list\">\n<li><\/li>\n<\/ul>\n\n\n\n<div class=\"wp-block-columns is-layout-flex wp-container-core-columns-is-layout-3d8217f3 wp-block-columns-is-layout-flex\" style=\"border-style:none;border-width:0px;border-top-left-radius:0px;border-top-right-radius:0px;border-bottom-left-radius:0px;border-bottom-right-radius:0px;margin-top:0;margin-bottom:0;padding-right:0;padding-left:0\">\n<div class=\"wp-block-column is-layout-flow wp-block-column-is-layout-flow\" style=\"flex-basis:100%\">\n<figure class=\"wp-block-table is-style-regular\"><table class=\"has-fixed-layout\"><tbody><tr><td><strong>Semaine<\/strong><\/td><td><strong>Dates<\/strong><\/td><td><strong>Th\u00e8me<\/strong><\/td><td><strong>Description<\/strong><\/td><td><strong>Activit\u00e9s<\/strong><\/td><\/tr><tr><td>1<\/td><td>5\/11\/2025<\/td><td><strong>Bases de la d\u00e9gustation, seuil de perception<\/strong><\/td><td>Introduction aux techniques de d\u00e9gustation, d\u00e9couverte de votre seuil de perception<\/td><td>D\u00e9gustation comparative de vins blancs et rouges, identification des ar\u00f4mes<\/td><\/tr><tr><td>2<\/td><td>03\/12\/2025<\/td><td><strong>Vinification en blanc et en ros\u00e9, l\u2019\u00e9quilibre, types de vin<\/strong><\/td><td>\u00c9tude des m\u00e9thodes de vinification en blanc et en ros\u00e9<\/td><td>Atelier de reconnaissance d&#8217;ar\u00f4mes, d\u00e9gustation de vins blancs et ros\u00e9s<\/td><\/tr><tr><td>3<\/td><td>07\/01\/2026<\/td><td><strong>Vinification en rouge, l\u2019\u00e9quilibre, les tanins, types de vins<\/strong><\/td><td>\u00c9tude des m\u00e9thodes de vinification en rouge<\/td><td>D\u00e9gustation de vins rouges, discussion sur les tanins et l&#8217;\u00e9quilibre<\/td><\/tr><tr><td>4<\/td><td>04 \/02\/2026<\/td><td><strong>Le monde viticole, conduite de la vigne, environnement<\/strong><\/td><td>D\u00e9couverte des pratiques viticoles et de leur impact sur l&#8217;environnement<\/td><td>Visite de domaine viticole ou pr\u00e9sentation par un vigneron<\/td><\/tr><tr><td>5<\/td><td>04&nbsp;\/03\/2026<\/td><td><strong>Accords mets et vins<\/strong><\/td><td>Apprentissage des principes de base des accords mets et vins<\/td><td>D\u00e9gustation de vins accompagn\u00e9s de diff\u00e9rents mets<\/td><\/tr><tr><td>6<\/td><td>01\/04\/2026<\/td><td><strong>D\u00e9gustation \u00e0 l&#8217;aveugle<\/strong><\/td><td>Techniques avanc\u00e9es de d\u00e9gustation et initiation \u00e0 l&#8217;analyse sensorielle<\/td><td>D\u00e9gustation \u00e0 l&#8217;aveugle et \u00e9valuation des vins<\/td><\/tr><\/tbody><\/table><\/figure>\n<\/div>\n<\/div>\n<\/div>\n<\/div>\n\n\n\n<p class=\"has-text-align-center wp-block-paragraph\"><strong>Prix des s\u00e9ances : 108 Euros&nbsp;<\/strong>(payable si besoin en 3 fois)<\/p>\n\n\n\n<p class=\"wp-block-paragraph\">Accessible uniquement aux adh\u00e9rents membres actifs (carte adh\u00e9rent 20 \u20ac)<\/p>\n\n\n\n<div class=\"wp-block-buttons is-layout-flex wp-block-buttons-is-layout-flex\">\n<div class=\"wp-block-button has-custom-width wp-block-button__width-100\"><a class=\"wp-block-button__link has-large-font-size has-custom-font-size wp-element-button\" href=\"https:\/\/www.helloasso.com\/associations\/association-societe-st-vincent-d-assieu\/evenements\/atelier-de-degusatation-initiation\">J<strong>e souhaite m&#8217;inscrire \u00e0 cet atelier initiation <\/strong><\/a><\/div>\n<\/div>\n\n\n\n<h2 class=\"wp-block-heading\"><\/h2>\n\n\n\n<p class=\"wp-block-paragraph\"><\/p>\n","protected":false},"excerpt":{"rendered":"<p>L\u2019association ST VINCENT D\u2019ASSIEU propose des ateliers \u0153nologiques et de d\u00e9gustation pour d\u00e9couvrir le monde du vin.&nbsp; Le programme \u00ab Initiation \u00e0 la d\u00e9gustation \u00bb est con\u00e7u pour les d\u00e9butants et n\u00e9cessite une inscription au cursus complet de 6 s\u00e9ances afin de respecter la progression p\u00e9dagogique. Le co\u00fbt total est de 108 \u20ac, avec la [&hellip;]<\/p>\n","protected":false},"author":1,"featured_media":0,"parent":0,"menu_order":0,"comment_status":"closed","ping_status":"closed","template":"","meta":{"_crdt_document":"","footnotes":""},"class_list":["post-35","page","type-page","status-publish","hentry"],"_links":{"self":[{"href":"https:\/\/stvincent-assieu.fr\/index.php?rest_route=\/wp\/v2\/pages\/35","targetHints":{"allow":["GET"]}}],"collection":[{"href":"https:\/\/stvincent-assieu.fr\/index.php?rest_route=\/wp\/v2\/pages"}],"about":[{"href":"https:\/\/stvincent-assieu.fr\/index.php?rest_route=\/wp\/v2\/types\/page"}],"author":[{"embeddable":true,"href":"https:\/\/stvincent-assieu.fr\/index.php?rest_route=\/wp\/v2\/users\/1"}],"replies":[{"embeddable":true,"href":"https:\/\/stvincent-assieu.fr\/index.php?rest_route=%2Fwp%2Fv2%2Fcomments&post=35"}],"version-history":[{"count":13,"href":"https:\/\/stvincent-assieu.fr\/index.php?rest_route=\/wp\/v2\/pages\/35\/revisions"}],"predecessor-version":[{"id":524,"href":"https:\/\/stvincent-assieu.fr\/index.php?rest_route=\/wp\/v2\/pages\/35\/revisions\/524"}],"wp:attachment":[{"href":"https:\/\/stvincent-assieu.fr\/index.php?rest_route=%2Fwp%2Fv2%2Fmedia&parent=35"}],"curies":[{"name":"wp","href":"https:\/\/api.w.org\/{rel}","templated":true}]}}